{"id":11,"date":"2013-02-28T03:51:09","date_gmt":"2013-02-28T03:51:09","guid":{"rendered":"http:\/\/www.artsrn.ualberta.ca\/rcmr-kias\/?page_id=11"},"modified":"2013-04-23T10:54:47","modified_gmt":"2013-04-23T16:54:47","slug":"metis-organizations","status":"publish","type":"page","link":"https:\/\/metisinthecourts.ualberta.ca\/?page_id=11","title":{"rendered":"M\u00e9tis &#038; other Aboriginal Organizations"},"content":{"rendered":"<p><strong>M\u00e9tis National Council &#8211; <\/strong><a href=\"www.metisnation.ca\">www.metisnation.ca <\/a><\/p>\n<p><strong>M\u00e9tis Nation of British Columbia &#8211; <\/strong><a href=\"http:\/\/www.mndc.ca\">www.mndc.ca<\/a><\/p>\n<p><strong>M\u00e9tis<\/strong> <strong>Nation of Alberta &#8211; <\/strong><a href=\"http:\/\/www.albertametis.com\">www.albertametis.com<\/a><\/p>\n<p><strong>M\u00e9tis<\/strong> <strong>Nation of Saskatchewan &#8211; <\/strong><a href=\"http:\/\/www.mn-s.ca\">www.mn-s.ca<\/a><\/p>\n<p><strong>Manitoba<\/strong> <strong>M\u00e9tis<\/strong> <strong>Federation &#8211; <\/strong><a href=\"http:\/\/www.mmf.mb.ca\">www.mmf.mb.ca<\/a><\/p>\n<p><strong>M\u00e9tis<\/strong> <strong>Nation of Ontario &#8211; <\/strong><a href=\"www.metisnation.org\">www.metisnation.org<\/a><\/p>\n<p>&nbsp;<\/p>\n<h3>Other Aboriginal Organizations:<\/h3>\n<p><strong>National Association of Friendship Centres &#8211; <\/strong><a href=\"www.nafc.ca\">www.nafc.ca<\/a><\/p>\n<p><strong>Congress of Aboriginal Peoples &#8211; <\/strong><a href=\"http:\/\/www.abo-peoples.org\/\">www.abo-peoples.org\/<\/a><\/p>\n<p><strong>Inuit Tapiriit Kanatami &#8211; <\/strong><a href=\"www.itk.ca\">www.itk.ca<\/a><\/p>\n<p><strong>Assembly of First Nations &#8211; <\/strong><a href=\"http:\/\/www.afn.ca\/\">www.afn.ca\/<\/a><\/p>\n<p>&nbsp;<\/p>\n<p>&nbsp;<\/p>\n","protected":false},"excerpt":{"rendered":"<p>M\u00e9tis National Council &#8211; www.metisnation.ca M\u00e9tis Nation of British Columbia &#8211; www.mndc.ca M\u00e9tis Nation of Alberta &#8211; www.albertametis.com M\u00e9tis Nation of Saskatchewan &#8211; www.mn-s.ca Manitoba M\u00e9tis Federation &#8211; www.mmf.mb.ca M\u00e9tis Nation of Ontario &#8211; www.metisnation.org &nbsp; Other Aboriginal Organizations: National &hellip;<\/p>\n<p class=\"read-more\"> <a class=\"more-link\" href=\"https:\/\/metisinthecourts.ualberta.ca\/?page_id=11\"> <span class=\"screen-reader-text\">M\u00e9tis &#038; other Aboriginal Organizations<\/span> Read More &raquo;<\/a><\/p>\n","protected":false},"author":1,"featured_media":0,"parent":0,"menu_order":6,"comment_status":"open","ping_status":"closed","template":"","meta":{"footnotes":""},"class_list":["post-11","page","type-page","status-publish","hentry"],"_links":{"self":[{"href":"https:\/\/metisinthecourts.ualberta.ca\/index.php?rest_route=\/wp\/v2\/pages\/11","targetHints":{"allow":["GET"]}}],"collection":[{"href":"https:\/\/metisinthecourts.ualberta.ca\/index.php?rest_route=\/wp\/v2\/pages"}],"about":[{"href":"https:\/\/metisinthecourts.ualberta.ca\/index.php?rest_route=\/wp\/v2\/types\/page"}],"author":[{"embeddable":true,"href":"https:\/\/metisinthecourts.ualberta.ca\/index.php?rest_route=\/wp\/v2\/users\/1"}],"replies":[{"embeddable":true,"href":"https:\/\/metisinthecourts.ualberta.ca\/index.php?rest_route=%2Fwp%2Fv2%2Fcomments&post=11"}],"version-history":[{"count":8,"href":"https:\/\/metisinthecourts.ualberta.ca\/index.php?rest_route=\/wp\/v2\/pages\/11\/revisions"}],"predecessor-version":[{"id":33,"href":"https:\/\/metisinthecourts.ualberta.ca\/index.php?rest_route=\/wp\/v2\/pages\/11\/revisions\/33"}],"wp:attachment":[{"href":"https:\/\/metisinthecourts.ualberta.ca\/index.php?rest_route=%2Fwp%2Fv2%2Fmedia&parent=11"}],"curies":[{"name":"wp","href":"https:\/\/api.w.org\/{rel}","templated":true}]}}